{"id":852,"date":"2025-03-25T07:52:48","date_gmt":"2025-03-25T07:52:48","guid":{"rendered":"https:\/\/degrada2025.web.ua.pt\/?page_id=852"},"modified":"2025-04-07T09:06:40","modified_gmt":"2025-04-07T09:06:40","slug":"oradores-convidados","status":"publish","type":"page","link":"https:\/\/degrada2025.web.ua.pt\/?page_id=852","title":{"rendered":"Oradores Convidados"},"content":{"rendered":"\n<p><strong>Potencial impacto da redu\u00e7\u00e3o&nbsp;do teor de clinquer do cimento Portland na durabilidade das estruturas de concreto armado<\/strong><\/p>\n\n\n\n<div class=\"wp-block-columns is-layout-flex wp-container-core-columns-is-layout-1 wp-block-columns-is-layout-flex\">\n<div class=\"wp-block-column is-layout-flow wp-block-column-is-layout-flow\" style=\"flex-basis:33.33%\">\n<figure class=\"wp-block-image size-full is-resized\"><img loading=\"lazy\" decoding=\"async\" width=\"403\" height=\"559\" src=\"https:\/\/degrada2025.web.ua.pt\/wp-content\/uploads\/2025\/03\/Daniel.jpg\" alt=\"\" class=\"wp-image-864\" style=\"width:250px\" srcset=\"https:\/\/degrada2025.web.ua.pt\/wp-content\/uploads\/2025\/03\/Daniel.jpg 403w, https:\/\/degrada2025.web.ua.pt\/wp-content\/uploads\/2025\/03\/Daniel-216x300.jpg 216w\" sizes=\"auto, (max-width: 403px) 100vw, 403px\" \/><\/figure>\n<\/div>\n\n\n\n<div class=\"wp-block-column is-layout-flow wp-block-column-is-layout-flow\" style=\"flex-basis:66.66%\">\n<p><strong>Prof. Dr. Daniel V\u00e9ras Ribeiro<\/strong>, Engenheiro Civil (UFBA) com mestrado, doutorado e p\u00f3s-doutorado em Ci\u00eancia e Engenharia de Materiais (UFSCar \/ Univ. de Aveiro). Atualmente atua como Professor Associado IV da Escola Polit\u00e9cnica da UFBA, sendo coordenador do Laborat\u00f3rio de Ensaios em Durabilidade dos Materiais (LEDMa), coordenou do CT 702 IBRACON\/ ALCONPAT (Procedimentos para Ensaios de Avalia\u00e7\u00e3o da Durabilidade de Estruturas de Concreto), que desenvolveu 10 Pr\u00e1ticas Recomendadas neste tema. Autor de 14 livros na \u00e1rea e de mais de 110 artigos em revistas cient\u00edficas e mais de 200 artigos em eventos nacionais e internacionais, sendo reconhecido pela Elsevier entre os 2% mais influentes pesquisadores do mundo em 2022, 2023 e 2024, entre os pesquisadores na \u00e1rea de engenharia.<\/p>\n\n\n\n<p><strong>Resumo<\/strong>: A ind\u00fastria cimenteira \u00e9 respons\u00e1vel por aproximadamente 8% das emiss\u00f5es globais de g\u00e1s carb\u00f4nico, al\u00e9m de consumir uma consider\u00e1vel quantidade de energia em todo o mundo. Para mitigar essas emiss\u00f5es, a redu\u00e7\u00e3o da rela\u00e7\u00e3o cl\u00ednquer\/cimento tem sido uma estrat\u00e9gia adotada pelos fabricantes, utilizando adi\u00e7\u00f5es como pozolanas, f\u00edller calc\u00e1rio e esc\u00f3rias industriais. No entanto, pouco se aborda a respeito da potencial influ\u00eancia da redu\u00e7\u00e3o do teor de cl\u00ednquer na durabilidade e na degrada\u00e7\u00e3o do concreto. Assim, a palestra tem como objetivo refletir a respeito da influ\u00eancia do teor de cl\u00ednquer nas propriedades f\u00edsico-qu\u00edmicas e na durabilidade do concreto, especialmente em rela\u00e7\u00e3o \u00e0 carbonata\u00e7\u00e3o e ao ataque de cloretos.<\/p>\n<\/div>\n<\/div>\n\n\n\n<p><strong>O engenheiro Ant\u00f3nio Teixeira Rego e a introdu\u00e7\u00e3o da tecnologia do pr\u00e9-esfor\u00e7ado em Portugal.<br><\/strong><br><\/p>\n\n\n\n<div class=\"wp-block-columns is-layout-flex wp-container-core-columns-is-layout-2 wp-block-columns-is-layout-flex\">\n<div class=\"wp-block-column is-layout-flow wp-block-column-is-layout-flow\" style=\"flex-basis:33.33%\">\n<figure class=\"wp-block-image size-large is-resized\"><img loading=\"lazy\" decoding=\"async\" width=\"793\" height=\"1024\" src=\"https:\/\/degrada2025.web.ua.pt\/wp-content\/uploads\/2025\/04\/20230414_163328-crp-793x1024.jpg\" alt=\"\" class=\"wp-image-920\" style=\"width:250px\" srcset=\"https:\/\/degrada2025.web.ua.pt\/wp-content\/uploads\/2025\/04\/20230414_163328-crp-793x1024.jpg 793w, https:\/\/degrada2025.web.ua.pt\/wp-content\/uploads\/2025\/04\/20230414_163328-crp-232x300.jpg 232w, https:\/\/degrada2025.web.ua.pt\/wp-content\/uploads\/2025\/04\/20230414_163328-crp-768x992.jpg 768w, https:\/\/degrada2025.web.ua.pt\/wp-content\/uploads\/2025\/04\/20230414_163328-crp-1189x1536.jpg 1189w, https:\/\/degrada2025.web.ua.pt\/wp-content\/uploads\/2025\/04\/20230414_163328-crp.jpg 1489w\" sizes=\"auto, (max-width: 793px) 100vw, 793px\" \/><\/figure>\n<\/div>\n\n\n\n<div class=\"wp-block-column is-layout-flow wp-block-column-is-layout-flow\" style=\"flex-basis:66.66%\">\n<p><strong>Prof. Clara Pimenta do Vale<\/strong> (1967) \u00e9 Arquiteta pela Universidade do Porto (1991), especializada em f\u00edsica das constru\u00e7\u00f5es e hist\u00f3ria da constru\u00e7\u00e3o portuguesa do s\u00e9culo XX, com um Mestrado em Constru\u00e7\u00e3o de Ed\u00edficios pela FEUP (Pr\u00e9mio Barbosa de Abreu) e Doutoramento em Arquitetura pela FAUP. Atualmente, \u00e9 Professora Associada da Faculdade de Arquitetura, vogal do Conselho Executivo da FAUP, e Investigadora Integrada do CEAU &#8211; Centro de Estudos de Arquitetura e Urbanismo com participa\u00e7\u00e3o em v\u00e1rios projectos de investiga\u00e7\u00e3o financiados, nomeadamente &#8216;R2U Technologies &#8211; Modular System&#8217;, &#8216;CoVHer &#8211; Computer-based Visualisation of Architectural Cultural Heritage\u2019.<\/p>\n\n\n\n<p>Os seus focos de investiga\u00e7\u00e3o incluem a Hist\u00f3ria da Constru\u00e7\u00e3o (numa perspetiva de aprendizagem para responder a desafios actuais como a reabilita\u00e7\u00e3o de edif\u00edcios, a reutiliza\u00e7\u00e3o, a sustentabilidade ou as altera\u00e7\u00f5es clim\u00e1ticas), a Arquitetura Vernacular (pela sua proximidade com materiais locais, naturais, regenerativos e a utiliza\u00e7\u00e3o racional de recursos), o estudo dos materiais de constru\u00e7\u00e3o numa perspetiva hist\u00f3rica e contempor\u00e2nea (corti\u00e7a, cimento natural, terra, madeira, cer\u00e2mica) e as novas tecnologias aplicadas \u00e0 constru\u00e7\u00e3o e reabilita\u00e7\u00e3o do ambiente constru\u00eddo (fotogrametria, varrimento laser, termografia, modela\u00e7\u00e3o, fabrica\u00e7\u00e3o digital).&nbsp;<\/p>\n\n\n\n<p><strong>Resumo<\/strong>: A comunica\u00e7\u00e3o ir\u00e1 abordar&nbsp;o percurso profissional de Ant\u00f3nio Teixeira Rego, engenheiro portugu\u00eas, nascido em 1906 e falecido em 1967. Docente na faculdade de engenharia, aliou o ensino e investiga\u00e7\u00e3o a uma intensa pr\u00e1tica profissional, trabalhando com os mais importantes arquitetos nortenhos e estando ligado a algumas das mais emblem\u00e1ticas obras da cidade do Porto, como a garagem Passos Manuel, o Coliseu do Porto, ou a Casa de Serralves. Ser\u00e1 o respons\u00e1vel pela introdu\u00e7\u00e3o em Portugal da tecnologia do pr\u00e9-esfor\u00e7ado e da pr\u00e9-fabrica\u00e7\u00e3o ligeira, discutindo as suas experi\u00eancias nos f\u00f3runs internacionais.<\/p>\n<\/div>\n<\/div>\n\n\n\n<p><strong>Estrat\u00e9gia multi-param\u00e9trica com integra\u00e7\u00e3o HBIM para gest\u00e3o do desempenho, degrada\u00e7\u00e3o e mitiga\u00e7\u00e3o das mudan\u00e7as clim\u00e1ticas no patrim\u00f4nio cultural<\/strong><\/p>\n\n\n\n<div class=\"wp-block-columns is-layout-flex wp-container-core-columns-is-layout-3 wp-block-columns-is-layout-flex\">\n<div class=\"wp-block-column is-layout-flow wp-block-column-is-layout-flow\" style=\"flex-basis:33.33%\">\n<figure class=\"wp-block-image size-large is-resized\"><img loading=\"lazy\" decoding=\"async\" width=\"1024\" height=\"924\" src=\"https:\/\/degrada2025.web.ua.pt\/wp-content\/uploads\/2025\/04\/IMG_9982-1024x924.jpg\" alt=\"\" class=\"wp-image-929\" style=\"width:250px\" srcset=\"https:\/\/degrada2025.web.ua.pt\/wp-content\/uploads\/2025\/04\/IMG_9982-1024x924.jpg 1024w, https:\/\/degrada2025.web.ua.pt\/wp-content\/uploads\/2025\/04\/IMG_9982-300x271.jpg 300w, https:\/\/degrada2025.web.ua.pt\/wp-content\/uploads\/2025\/04\/IMG_9982-768x693.jpg 768w, https:\/\/degrada2025.web.ua.pt\/wp-content\/uploads\/2025\/04\/IMG_9982-1536x1386.jpg 1536w, https:\/\/degrada2025.web.ua.pt\/wp-content\/uploads\/2025\/04\/IMG_9982-2048x1848.jpg 2048w\" sizes=\"auto, (max-width: 1024px) 100vw, 1024px\" \/><\/figure>\n<\/div>\n\n\n\n<div class=\"wp-block-column is-layout-flow wp-block-column-is-layout-flow\" style=\"flex-basis:66.66%\">\n<p><strong>Prof. Esequiel Mesquita<\/strong>\u00a0\u00e9 Professor do Instituto de Arquitetura, Urbanismo e Design e Coordenador do Programa de P\u00f3s-Gradua\u00e7\u00e3o em Engenharia Civil da Universidade Federal do Cear\u00e1 (UFC), com doutorado em Engenharia Civil pela Faculdade de Engenharia da Universidade do Porto. Foi Professor Visitante na Universidade de Pisa e no Institut National des Sciences Appliqu\u00e9es de Rouen, Fran\u00e7a. \u00c9 Editor-Chefe do Journal of Building Pathology and Rehabilitation e Guest-Editor do Digital Applications in Archaeology and Cultural Heritage e membro especialista do ICOMOS e da RILEM, al\u00e9m de estar envolvido em projetos nacionais e internacionais, com fortes colabora\u00e7\u00f5es na Am\u00e9rica do Sul e Europa. Suas \u00e1reas de interesse s\u00e3o patrim\u00f4nio cultural, digitaliza\u00e7\u00e3o, HBIM, vulnerabilidade estrutural e mitiga\u00e7\u00e3o de riscos naturais e antropog\u00eanicos e mudan\u00e7as clim\u00e1ticas no contexto do patrim\u00f4nio cultural.\u00a0<\/p>\n\n\n\n<p>O patrim\u00f4nio cultural pode ser muito beneficiado pela atualiza\u00e7\u00e3o da documenta\u00e7\u00e3o existente. No entanto, a gera\u00e7\u00e3o de um modelo 3D detalhado conforme constru\u00eddo com base em pesquisas de nuvem de pontos pode ser uma tarefa muito complexa. Neste contexto, o HBIM (Heritage Building Information Modelling) pode criar um modelo capaz de ser enriquecido por novas informa\u00e7\u00f5es de acordo com o dinamismo do edif\u00edcio hist\u00f3rico ao longo do tempo. O HBIM \u00e9 um campo emergente de pesquisa, enquanto v\u00e1rias abordagens do BIM relacionadas ao projeto de novas constru\u00e7\u00f5es j\u00e1 s\u00e3o relatadas pela literatura.<\/p>\n\n\n\n<p>Os centros hist\u00f3ricos est\u00e3o cada vez mais sujeitos aos fen\u00f4menos antropog\u00eanicos de superaquecimento, como as ilhas de calor, que comprometem a durabilidade do patrim\u00f4nio. A mitiga\u00e7\u00e3o dos impactos ocasionados pelas mudan\u00e7as clim\u00e1ticas, tem do um papel central nas discuss\u00f5es mundiais. No contexto do patrim\u00f4nio cultural, os impactos ocasionados pelas eleva\u00e7\u00f5es de temperatura, por exemplo, podem afetar o processo de degrada\u00e7\u00e3o dos materiais, tendo impactos tamb\u00e9m para o conforto microclim\u00e1tico local.&nbsp;<\/p>\n\n\n\n<p>Assim, a tem\u00e1tica abordar\u00e1 um breve estado da arte, com foco nas pesquisas recentes desenvolvidas pelo Laborat\u00f3rio de Experiencia Digital da UFC que combinam monitoramento microclim\u00e1tico com recurso a modelagem HBIM para a caracteriza\u00e7\u00e3o do desempenho do patrim\u00f4nio cultural a longo prazo. Abordagens com foco na integra\u00e7\u00e3o de informa\u00e7\u00f5es provenientes de ensaios n\u00e3o-destrutivas e combina\u00e7\u00f5es com simula\u00e7\u00f5es num\u00e9ricas para avalia\u00e7\u00e3o do desempenho do edificado e potencializar estrat\u00e9gias de mitiga\u00e7\u00e3o do impacto das mudan\u00e7as clim\u00e1ticas no patrim\u00f4nio cultural, tamb\u00e9m ser\u00e3o discutidas.<\/p>\n<\/div>\n<\/div>\n\n\n\n<p><strong>Outros Processos: Degradai-vos! Entre o cimento e o bet\u00e3o. Uma abordagem \u00e0 conserva\u00e7\u00e3o e restauro de obras de arte<\/strong><\/p>\n\n\n\n<div class=\"wp-block-columns is-layout-flex wp-container-core-columns-is-layout-4 wp-block-columns-is-layout-flex\">\n<div class=\"wp-block-column is-layout-flow wp-block-column-is-layout-flow\" style=\"flex-basis:33.33%\">\n<figure class=\"wp-block-image size-large is-resized\"><img loading=\"lazy\" decoding=\"async\" width=\"768\" height=\"1024\" src=\"https:\/\/degrada2025.web.ua.pt\/wp-content\/uploads\/2025\/04\/Eduarda01-768x1024.jpeg\" alt=\"\" class=\"wp-image-941\" style=\"width:250px\" srcset=\"https:\/\/degrada2025.web.ua.pt\/wp-content\/uploads\/2025\/04\/Eduarda01-768x1024.jpeg 768w, https:\/\/degrada2025.web.ua.pt\/wp-content\/uploads\/2025\/04\/Eduarda01-225x300.jpeg 225w, https:\/\/degrada2025.web.ua.pt\/wp-content\/uploads\/2025\/04\/Eduarda01-1152x1536.jpeg 1152w, https:\/\/degrada2025.web.ua.pt\/wp-content\/uploads\/2025\/04\/Eduarda01-1536x2048.jpeg 1536w, https:\/\/degrada2025.web.ua.pt\/wp-content\/uploads\/2025\/04\/Eduarda01-scaled.jpeg 1920w\" sizes=\"auto, (max-width: 768px) 100vw, 768px\" \/><\/figure>\n<\/div>\n\n\n\n<div class=\"wp-block-column is-layout-flow wp-block-column-is-layout-flow\" style=\"flex-basis:66.66%\">\n<p>A <strong>Prof. Eduarda Vieira<\/strong>  \u00e9 Doutora em Conserva\u00e7\u00e3o e Restauro do Patrim\u00f3nio Hist\u00f3rico- Art\u00edstico pela Universidade Pol\u00edt\u00e9cnica de Val\u00eancia (Espanha). \u00c9 professora associada da Escola das Artes da Universidade Cat\u00f3lica Portuguesa- Polo regional do Porto. Foi diretora do Centro de Investiga\u00e7\u00e3o em Ci\u00eancia e Tecnologia das Artes \u2013 CITAR entre 2019 e 2022, sendo atualmente seu membro integrado. A sua \u00e1rea de investiga\u00e7\u00e3o principal incide na Conserva\u00e7\u00e3o Sustent\u00e1vel de bens culturais m\u00f3veis e im\u00f3veis com destaque para os Planos de Conserva\u00e7\u00e3o Preventiva e Gest\u00e3o de Risco. Tem ainda como outras \u00e1reas de interesse cient\u00edfico: a Conserva\u00e7\u00e3o do Patrim\u00f3nio Integrado a conserva\u00e7\u00e3o de Arte P\u00fablica e Arte Contempor\u00e2nea, bem como as \u00e1reas de intersec\u00e7\u00e3o entre Ci\u00eancia, Tecnologia e Arte (conserva\u00e7\u00e3o digital, aplica\u00e7\u00e3o de 3D \u00e0 documenta\u00e7\u00e3o de bens culturais etc). Coordenou doutoramento de Conserva\u00e7\u00e3o e Restauro da E.A\/U.C.P entre 2012 e 2024. \u00c9 autora de diversos trabalhos apresentados em congressos, confer\u00eancias e semin\u00e1rios com arbitragem cient\u00edfica. Foi investigadora associada dos projetos Bionanosculp e Bio4Mural. Foi investigadora principal do projeto HAC4CG e \u00e9 co-investigadora principal do projeto Holy Bodies (em curso). Tem integrado a Comiss\u00e3o Cient\u00edfica de diversos congressos e confer\u00eancia na \u00e1rea da Conserva\u00e7\u00e3o e de Estudos de Patrim\u00f3nio. \u00c9 orientadora de v\u00e1rias teses de doutoramento, mestrado tendo supervisionado dois p\u00f3s-doutoramentos.<\/p>\n\n\n\n<p><strong>Resumo<\/strong>: O cimento e o bet\u00e3o foram materiais escolhidos pelos artistas para expressar a sua criatividade. Encontramo-los quer na escultura em espa\u00e7o p\u00fablico, quer na escultura integrada em edif\u00edcios, esta \u00faltima curiosamente denominadas pelo arquiteto Keil do Amaral por \u201centaladas\u201d , que adornam muitos edif\u00edcios das d\u00e9cadas de 40 e 50 do s\u00e9culo XX. Trata-se de tipologias patrimoniais ainda pouco estudadas no tocante \u00e0 sua constitui\u00e7\u00e3o material e processos de degrada\u00e7\u00e3o, mas algumas das quais j\u00e1 a necessitar de alguma manuten\u00e7\u00e3o ou mesmo de restauro. O cimento e o bet\u00e3o n\u00e3o integram a lista de materiais que s\u00e3o abordados na forma\u00e7\u00e3o superior dos conservadores-restauradores, pelo que sendo necess\u00e1rio intervir se colocam diversos desafios que s\u00f3 s\u00e3o poss\u00edveis ultrapassar com a colabora\u00e7\u00e3o de profissionais da engenharia civil e dos materiais. Nesta comunica\u00e7\u00e3o abordaremos alguns processos de degrada\u00e7\u00e3o, e sobretudo o conhecimento e recursos dispon\u00edveis para uma abordagem cient\u00edfica que respeite os crit\u00e9rios exigidos pelas normativas da conserva\u00e7\u00e3o e restauro de obras de arte. A partir de alguns estudos de caso exemplificaremos como atrav\u00e9s de um trabalho interdisciplinar se pode construir um quadro de procedimentos e de conhecimento no sentido da sua conserva\u00e7\u00e3o.<\/p>\n<\/div>\n<\/div>\n\n\n\n<p><strong>Mitos e Verdades sobre a Carbonata\u00e7\u00e3o do Concreto &#8211; Um balan\u00e7o do fen\u00f4meno at\u00e9 a realcaliniza\u00e7\u00e3o e modelos preditivos<\/strong><\/p>\n\n\n\n<div class=\"wp-block-columns is-layout-flex wp-container-core-columns-is-layout-5 wp-block-columns-is-layout-flex\">\n<div class=\"wp-block-column is-layout-flow wp-block-column-is-layout-flow\" style=\"flex-basis:33.33%\">\n<figure class=\"wp-block-image size-full is-resized\"><img loading=\"lazy\" decoding=\"async\" width=\"328\" height=\"323\" src=\"https:\/\/degrada2025.web.ua.pt\/wp-content\/uploads\/2025\/04\/Imagem-4.jpg\" alt=\"\" class=\"wp-image-959\" style=\"width:250px\" srcset=\"https:\/\/degrada2025.web.ua.pt\/wp-content\/uploads\/2025\/04\/Imagem-4.jpg 328w, https:\/\/degrada2025.web.ua.pt\/wp-content\/uploads\/2025\/04\/Imagem-4-300x295.jpg 300w\" sizes=\"auto, (max-width: 328px) 100vw, 328px\" \/><\/figure>\n<\/div>\n\n\n\n<div class=\"wp-block-column is-layout-flow wp-block-column-is-layout-flow\" style=\"flex-basis:66.66%\">\n<p>O <strong>Prof. Oswaldo Cascudo\u00a0<\/strong> \u00e9 licenciado em Engenheira Civil pela Universidade Federal da Para\u00edba (1987), e mestre (1991) e doutor (2000) pela Escola Polit\u00e9cnica da USP, com p\u00f3s-doutorado no\u00a0<em>Institut National des Sciences Appliqu\u00e9es<\/em>\u00a0(INSA), na Fran\u00e7a (2004). \u00c9 Professor Titular na Universidade Federal de Goi\u00e1s (UFG), com v\u00ednculo desde 1992, onde atua, tamb\u00e9m, como pesquisador e consultor nas grandes \u00e1reas da durabilidade do concreto, corros\u00e3o das armaduras e patologia das constru\u00e7\u00f5es. Internacionalmente, \u00e9 membro da RILEM e ACI, atuando ativamente no Brasil junto ao Instituto Brasileiro do Concreto (IBRACON). \u00c9 pesquisador do CNPq (Conselho Nacional de Desenvolvimento Cient\u00edfico e Tecnol\u00f3gico) e autor\/editor de v\u00e1rios livros, cap\u00edtulos de livro e artigos cient\u00edficos, com destaque para os livros \u201cO Controle da Corros\u00e3o de Armaduras em Concreto\u201d (1997) e \u201cDurabilidade do Concreto\u201d (2014). Dentre as honrarias recebidas, destacam-se os Pr\u00eamios\u00a0<em>Ary Frederico Torres<\/em>\u00a0(IBRACON, 2011),\u00a0<em>Escultura CONCRETO Arte em Movimento<\/em>\u00a0(Associa\u00e7\u00e3o Brasileira de Cimento Portland, 2016),\u00a0<em>M\u00e9rito da Constru\u00e7\u00e3o<\/em>\u00a0(Sinduscon-GO, 2022) e\u00a0<em>Maria Alba Cincotto<\/em>\u00a0(IBRACON, 2022), assim como a Homenagem da C\u00e2mara Municipal de Goi\u00e2nia com a outorga da comenda \u201chonra ao m\u00e9rito\u201d (2019).<\/p>\n\n\n\n<p><strong>Resumo<\/strong>: Com o envelhecimento das obras em concreto armado e protendido, um efeito inevit\u00e1vel \u00e9 a carbonata\u00e7\u00e3o do concreto. Embora o fen\u00f4meno tenha, em si, um aspecto ambientalmente positivo, uma vez que em seu mecanismo qu\u00edmico h\u00e1 a captura de CO<sub>2<\/sub>, o avan\u00e7o das frentes de carbonata\u00e7\u00e3o at\u00e9 a profundidade das armaduras inicia processos corrosivos do a\u00e7o, o que se contrap\u00f5e a esse vi\u00e9s positivo. A palestra discorrer\u00e1, inicialmente, sobre o fen\u00f4meno, abordando seus aspectos conceituais, mecanismos, efeitos no concreto (em especial considerando os concretos contendo materiais ciment\u00edcios suplementares &#8211; MCS) e sua interrela\u00e7\u00e3o com a corros\u00e3o das armaduras. A palestra tamb\u00e9m enfocar\u00e1 os m\u00e9todos de realcaliniza\u00e7\u00e3o do concreto, apresentado brevemente os resultados de uma pesquisa que executou realcaliniza\u00e7\u00e3o qu\u00edmica em prot\u00f3tipos de viga com cerca de 20 anos em exposi\u00e7\u00e3o natural. Com base neste mesmo estudo de longa dura\u00e7\u00e3o, que considerou 18 diferentes composi\u00e7\u00f5es de concreto (6 misturas com MCSs e 3 rela\u00e7\u00f5es \u00e1gua\/ligante) sob duas condi\u00e7\u00f5es extremas de cura, ser\u00e3o apresentados os principais resultados acerca do desenvolvimento de modelos preditivos: um modelo emp\u00edrico-determin\u00edstico baseado em Tuutti e um metamodelo empregando-se redes neurais artificiais.<\/p>\n<\/div>\n<\/div>\n\n\n\n<p><\/p>\n","protected":false},"excerpt":{"rendered":"<p>Potencial impacto da redu\u00e7\u00e3o&nbsp;do teor de clinquer do cimento Portland na durabilidade das estruturas de concreto armado Prof. Dr. Daniel V\u00e9ras Ribeiro, Engenheiro Civil (UFBA) com mestrado, doutorado e p\u00f3s-doutorado em Ci\u00eancia e Engenharia de Materiais (UFSCar \/ Univ. de Aveiro). Atualmente atua como Professor Associado IV da Escola Polit\u00e9cnica da UFBA, sendo coordenador do [&hellip;]<\/p>\n","protected":false},"author":3,"featured_media":0,"parent":0,"menu_order":0,"comment_status":"closed","ping_status":"closed","template":"","meta":{"footnotes":""},"class_list":["post-852","page","type-page","status-publish","hentry","post"],"_links":{"self":[{"href":"https:\/\/degrada2025.web.ua.pt\/index.php?rest_route=\/wp\/v2\/pages\/852","targetHints":{"allow":["GET"]}}],"collection":[{"href":"https:\/\/degrada2025.web.ua.pt\/index.php?rest_route=\/wp\/v2\/pages"}],"about":[{"href":"https:\/\/degrada2025.web.ua.pt\/index.php?rest_route=\/wp\/v2\/types\/page"}],"author":[{"embeddable":true,"href":"https:\/\/degrada2025.web.ua.pt\/index.php?rest_route=\/wp\/v2\/users\/3"}],"replies":[{"embeddable":true,"href":"https:\/\/degrada2025.web.ua.pt\/index.php?rest_route=%2Fwp%2Fv2%2Fcomments&post=852"}],"version-history":[{"count":17,"href":"https:\/\/degrada2025.web.ua.pt\/index.php?rest_route=\/wp\/v2\/pages\/852\/revisions"}],"predecessor-version":[{"id":971,"href":"https:\/\/degrada2025.web.ua.pt\/index.php?rest_route=\/wp\/v2\/pages\/852\/revisions\/971"}],"wp:attachment":[{"href":"https:\/\/degrada2025.web.ua.pt\/index.php?rest_route=%2Fwp%2Fv2%2Fmedia&parent=852"}],"curies":[{"name":"wp","href":"https:\/\/api.w.org\/{rel}","templated":true}]}}