{"id":153,"date":"2024-12-18T09:56:26","date_gmt":"2024-12-18T09:56:26","guid":{"rendered":"http:\/\/degrada2025.web.ua.pt\/?page_id=153"},"modified":"2026-01-16T08:35:12","modified_gmt":"2026-01-16T08:35:12","slug":"home","status":"publish","type":"page","link":"https:\/\/degrada2025.web.ua.pt\/","title":{"rendered":"Home"},"content":{"rendered":"<div id=\"pl-153\"  class=\"panel-layout\" ><div id=\"pg-153-0\"  class=\"panel-grid panel-has-style\" ><div class=\"wide-grey panel-row-style panel-row-style-for-153-0\" ><div id=\"pgc-153-0-0\"  class=\"panel-grid-cell\" ><div id=\"panel-153-0-0-0\" class=\"so-panel widget widget_headline-widget panel-first-child panel-last-child\" data-index=\"0\" >\t\t<h1>DEGRADA 2025<\/h1>\n\t\t<div class=\"decoration\"><div class=\"decoration-inside\"><\/div><\/div>\n\t\t<h3>Aveiro recebe 6\u00ba Encontro Luso-Brasileiro de Degrada\u00e7\u00e3o em Estruturas de Bet\u00e3o Armado (DEGRADA 2025), que ser\u00e1 realizado nos dias 1 e 3 de outubro de 2025 organizado pela Universidade de Aveiro.  O prop\u00f3sito desse evento \u00e9 debater os principais mecanismos, a preven\u00e7\u00e3o e mitiga\u00e7\u00e3o de degrada\u00e7\u00e3o, monitoriza\u00e7\u00e3o e reabilita\u00e7\u00e3o de estruturas de bet\u00e3o (concreto), por meio do compartilhamento de estudos e experi\u00eancias entre os participantes \u2013 estudantes, profissionais e empresas que integram a comunidade acad\u00e9mica e t\u00e9cnica de Portugal e do Brasil que atuam nessa \u00e1rea.   Ampliar o conhecimento sobre o bet\u00e3o (concreto) \u00e9 contribuir para a evolu\u00e7\u00e3o e inova\u00e7\u00e3o dos sistemas construtivos, no que diz respeito ao desempenho e durabilidade das estruturas.<\/h3>\n\t\t<\/div><\/div><\/div><\/div><div id=\"pg-153-1\"  class=\"panel-grid panel-no-style\" ><div id=\"pgc-153-1-0\"  class=\"panel-grid-cell\" ><div id=\"panel-153-1-0-0\" class=\"so-panel widget widget_circleicon-widget panel-first-child panel-last-child\" data-index=\"1\" >\t\t<div class=\"circle-icon-box circle-icon-position-top circle-icon-hide-box circle-icon-size-small \">\n\t\t\t\t\t\t\t<div class=\"circle-icon-wrapper\">\n\t\t\t\t\t\t\t\t\t\t<div class=\"circle-icon\" >\n\t\t\t\t\t\t\t\t\t\t\t\t\t<div class=\"fa fa-pencil-square-o\" ><\/div>\n\t\t\t\t\t\t\t\t\t\t\t<\/div>\n\t\t\t\t\t\t\t\t\t<\/div>\n\t\t\t\n\t\t\t\t\t\t\t\t\t\t<h4 >\n\t\t\t\t\tPrograma detalhado DEGRADA2025 \t\t\t\t<\/h4>\n\t\t\t\t\t\t\n\t\t\t\t\t\t\t<p class=\"text\" >Programa detalhado DEGRADA2025 <\/p>\n\t\t\t\t\t\t\t\t\t\t<a\n\t\t\t\t\thref=\"https:\/\/degrada2025.web.ua.pt\/?page_id=183\"\n\t\t\t\t\tclass=\"more-button\"\n\t\t\t\t\t\t\t\t\t\t\t\t\t\t>\n\t\t\t\t\tPrograma detalhado DEGRADA2025 (vers\u00e3o Provis\u00f3ria) <i><\/i>\n\t\t\t\t<\/a>\n\t\t\t\t\t<\/div>\n\t\t<\/div><\/div><div id=\"pgc-153-1-1\"  class=\"panel-grid-cell\" ><div id=\"panel-153-1-1-0\" class=\"so-panel widget widget_circleicon-widget panel-first-child panel-last-child\" data-index=\"2\" >\t\t<div class=\"circle-icon-box circle-icon-position-top circle-icon-hide-box circle-icon-size-small \">\n\t\t\t\t\t\t\t<div class=\"circle-icon-wrapper\">\n\t\t\t\t\t\t\t\t\t\t<div class=\"circle-icon\" >\n\t\t\t\t\t\t\t\t\t\t\t\t\t<div class=\"fa fa-check-circle-o\" ><\/div>\n\t\t\t\t\t\t\t\t\t\t\t<\/div>\n\t\t\t\t\t\t\t\t\t<\/div>\n\t\t\t\n\t\t\t\t\t\t\t\t\t\t<h4 >\n\t\t\t\t\tFotos do Congresso\t\t\t\t<\/h4>\n\t\t\t\t\t\t\n\t\t\t\t\t\t\t<p class=\"text\" >Fotos do Congresso j\u00e1 dispon\u00edveis<\/p>\n\t\t\t\t\t\t\t\t\t\t<a\n\t\t\t\t\thref=\"https:\/\/degrada2025.web.ua.pt\/?page_id=1181\"\n\t\t\t\t\tclass=\"more-button\"\n\t\t\t\t\t\t\t\t\t\t\t\t\t\t>\n\t\t\t\t\tVer fotos <i><\/i>\n\t\t\t\t<\/a>\n\t\t\t\t\t<\/div>\n\t\t<\/div><\/div><div id=\"pgc-153-1-2\"  class=\"panel-grid-cell\" ><div id=\"panel-153-1-2-0\" class=\"so-panel widget widget_circleicon-widget panel-first-child panel-last-child\" data-index=\"3\" >\t\t<div class=\"circle-icon-box circle-icon-position-top circle-icon-hide-box circle-icon-size-small \">\n\t\t\t\t\t\t\t<div class=\"circle-icon-wrapper\">\n\t\t\t\t\t\t\t\t\t\t<div class=\"circle-icon\" >\n\t\t\t\t\t\t\t\t\t\t\t\t\t<div class=\"fa fa-fighter-jet\" ><\/div>\n\t\t\t\t\t\t\t\t\t\t\t<\/div>\n\t\t\t\t\t\t\t\t\t<\/div>\n\t\t\t\n\t\t\t\t\t\t\t\t\t\t<h4 >\n\t\t\t\t\tAtas eletr\u00f3nicas\t\t\t\t<\/h4>\n\t\t\t\t\t\t\n\t\t\t\t\t\t\t<p class=\"text\" >Atas eletr\u00f3nicas do 6\u00ba Encontro Luso-Brasileiro de Degrada\u00e7\u00e3o em Estruturas de Bet\u00e3o Armado (DEGRADA 2025), realizadas na Universidade de Aveiro, Aveiro, Portugal, entre 1 a 3 de Outubro de 2025.<\/p>\n\t\t\t\t\t\t\t\t\t\t<a\n\t\t\t\t\thref=\"https:\/\/degrada2025.web.ua.pt\/proceedings\/\"\n\t\t\t\t\tclass=\"more-button\"\n\t\t\t\t\t\t\t\t\t\t\t\t\t\t>\n\t\t\t\t\tAtas do Congresso <i><\/i>\n\t\t\t\t<\/a>\n\t\t\t\t\t<\/div>\n\t\t<\/div><\/div><\/div><div id=\"pg-153-2\"  class=\"panel-grid panel-no-style\" ><div id=\"pgc-153-2-0\"  class=\"panel-grid-cell\" ><div id=\"panel-153-2-0-0\" class=\"so-panel widget widget_text panel-first-child panel-last-child\" data-index=\"4\" >\t\t\t<div class=\"textwidget\"><p><strong>Apoio Institucional<\/strong><\/p>\n<p>&nbsp;<\/p>\n<p><img loading=\"lazy\" decoding=\"async\" class=\"alignnone wp-image-346\" src=\"http:\/\/degrada2025.web.ua.pt\/wp-content\/uploads\/2025\/01\/10_1-300x113.png\" alt=\"\" width=\"200\" height=\"75\" srcset=\"https:\/\/degrada2025.web.ua.pt\/wp-content\/uploads\/2025\/01\/10_1-300x113.png 300w, https:\/\/degrada2025.web.ua.pt\/wp-content\/uploads\/2025\/01\/10_1-1024x384.png 1024w, https:\/\/degrada2025.web.ua.pt\/wp-content\/uploads\/2025\/01\/10_1-768x288.png 768w, https:\/\/degrada2025.web.ua.pt\/wp-content\/uploads\/2025\/01\/10_1-1536x576.png 1536w, https:\/\/degrada2025.web.ua.pt\/wp-content\/uploads\/2025\/01\/10_1.png 1919w\" sizes=\"auto, (max-width: 200px) 100vw, 200px\" \/>\u00a0 \u00a0 \u00a0 \u00a0 <img loading=\"lazy\" decoding=\"async\" class=\"alignnone wp-image-495\" src=\"http:\/\/degrada2025.web.ua.pt\/wp-content\/uploads\/2025\/01\/Logo-UFBA-2-195x300.png\" alt=\"\" width=\"65\" height=\"100\" srcset=\"https:\/\/degrada2025.web.ua.pt\/wp-content\/uploads\/2025\/01\/Logo-UFBA-2-195x300.png 195w, https:\/\/degrada2025.web.ua.pt\/wp-content\/uploads\/2025\/01\/Logo-UFBA-2-666x1024.png 666w, https:\/\/degrada2025.web.ua.pt\/wp-content\/uploads\/2025\/01\/Logo-UFBA-2-768x1181.png 768w, https:\/\/degrada2025.web.ua.pt\/wp-content\/uploads\/2025\/01\/Logo-UFBA-2-999x1536.png 999w, https:\/\/degrada2025.web.ua.pt\/wp-content\/uploads\/2025\/01\/Logo-UFBA-2.png 1206w\" sizes=\"auto, (max-width: 65px) 100vw, 65px\" \/>\u00a0 \u00a0 \u00a0 \u00a0<img loading=\"lazy\" decoding=\"async\" class=\"alignnone wp-image-498\" src=\"http:\/\/degrada2025.web.ua.pt\/wp-content\/uploads\/2025\/01\/Logo-UEFS-161x300.png\" alt=\"\" width=\"54\" height=\"100\" srcset=\"https:\/\/degrada2025.web.ua.pt\/wp-content\/uploads\/2025\/01\/Logo-UEFS-161x300.png 161w, https:\/\/degrada2025.web.ua.pt\/wp-content\/uploads\/2025\/01\/Logo-UEFS.png 485w\" sizes=\"auto, (max-width: 54px) 100vw, 54px\" \/>\u00a0 \u00a0 \u00a0 \u00a0<img loading=\"lazy\" decoding=\"async\" class=\"alignnone wp-image-516\" src=\"http:\/\/degrada2025.web.ua.pt\/wp-content\/uploads\/2025\/01\/ufpr_alta-300x202.jpg\" alt=\"\" width=\"126\" height=\"85\" srcset=\"https:\/\/degrada2025.web.ua.pt\/wp-content\/uploads\/2025\/01\/ufpr_alta-300x202.jpg 300w, https:\/\/degrada2025.web.ua.pt\/wp-content\/uploads\/2025\/01\/ufpr_alta-1024x691.jpg 1024w, https:\/\/degrada2025.web.ua.pt\/wp-content\/uploads\/2025\/01\/ufpr_alta-768x518.jpg 768w, https:\/\/degrada2025.web.ua.pt\/wp-content\/uploads\/2025\/01\/ufpr_alta-1536x1036.jpg 1536w, https:\/\/degrada2025.web.ua.pt\/wp-content\/uploads\/2025\/01\/ufpr_alta-2048x1382.jpg 2048w, https:\/\/degrada2025.web.ua.pt\/wp-content\/uploads\/2025\/01\/ufpr_alta-272x182.jpg 272w\" sizes=\"auto, (max-width: 126px) 100vw, 126px\" \/><\/p>\n<p>&nbsp;<\/p>\n<\/div>\n\t\t<\/div><\/div><div id=\"pgc-153-2-1\"  class=\"panel-grid-cell\" ><div id=\"panel-153-2-1-0\" class=\"so-panel widget widget_text panel-first-child\" data-index=\"5\" >\t\t\t<div class=\"textwidget\"><h4 class=\"text-center\">Contactos<\/h4>\n<ul class=\"no-bullet\">\n<li>+351 234 370 049<\/li>\n<li><a title=\"mailto:decivil-degrada2025@ua.pt\" href=\"mailto:decivil-degrada2025@ua.pt\" data-outlook-id=\"c4856c3d-14c0-44c4-acc5-34a1ffa2f218\">decivil-degrada2025@ua.pt<\/a><\/li>\n<li>campus universit\u00e1rio de santiago, 28<br \/>\n3810-193 aveiro, portugal<\/li>\n<\/ul>\n<\/div>\n\t\t<\/div><div id=\"panel-153-2-1-1\" class=\"so-panel widget widget_vantage-social-media panel-last-child\" data-index=\"6\" ><a class=\"social-media-icon social-media-icon-linkedin social-media-icon-size-large\" href=\"https:\/\/www.linkedin.com\/in\/encontro-luso-brasileiro-de-degrada\u00e7\u00e3o-em-estruturas-de-bet\u00e3o-244754346\/\" title=\" LinkedIn\" ><span class=\"fa fa-linkedin\"><\/span><\/a><\/div><\/div><\/div><\/div>","protected":false},"excerpt":{"rendered":"<p>DEGRADA 2025 Aveiro recebe 6\u00ba Encontro Luso-Brasileiro de Degrada\u00e7\u00e3o em Estruturas de Bet\u00e3o Armado (DEGRADA 2025), que ser\u00e1 realizado nos dias 1 e 3 de outubro de 2025 organizado pela Universidade de Aveiro. O prop\u00f3sito desse evento \u00e9 debater os principais mecanismos, a preven\u00e7\u00e3o e mitiga\u00e7\u00e3o de degrada\u00e7\u00e3o, monitoriza\u00e7\u00e3o e reabilita\u00e7\u00e3o de estruturas de bet\u00e3o [&hellip;]<\/p>\n","protected":false},"author":3,"featured_media":0,"parent":0,"menu_order":0,"comment_status":"closed","ping_status":"closed","template":"home-panels.php","meta":{"footnotes":""},"class_list":["post-153","page","type-page","status-publish","hentry","post"],"_links":{"self":[{"href":"https:\/\/degrada2025.web.ua.pt\/index.php?rest_route=\/wp\/v2\/pages\/153","targetHints":{"allow":["GET"]}}],"collection":[{"href":"https:\/\/degrada2025.web.ua.pt\/index.php?rest_route=\/wp\/v2\/pages"}],"about":[{"href":"https:\/\/degrada2025.web.ua.pt\/index.php?rest_route=\/wp\/v2\/types\/page"}],"author":[{"embeddable":true,"href":"https:\/\/degrada2025.web.ua.pt\/index.php?rest_route=\/wp\/v2\/users\/3"}],"replies":[{"embeddable":true,"href":"https:\/\/degrada2025.web.ua.pt\/index.php?rest_route=%2Fwp%2Fv2%2Fcomments&post=153"}],"version-history":[{"count":24,"href":"https:\/\/degrada2025.web.ua.pt\/index.php?rest_route=\/wp\/v2\/pages\/153\/revisions"}],"predecessor-version":[{"id":1124,"href":"https:\/\/degrada2025.web.ua.pt\/index.php?rest_route=\/wp\/v2\/pages\/153\/revisions\/1124"}],"wp:attachment":[{"href":"https:\/\/degrada2025.web.ua.pt\/index.php?rest_route=%2Fwp%2Fv2%2Fmedia&parent=153"}],"curies":[{"name":"wp","href":"https:\/\/api.w.org\/{rel}","templated":true}]}}