{"id":114,"date":"2024-12-18T00:43:35","date_gmt":"2024-12-18T00:43:35","guid":{"rendered":"http:\/\/degrada2025.web.ua.pt\/?page_id=114"},"modified":"2025-01-10T09:31:42","modified_gmt":"2025-01-10T09:31:42","slug":"local","status":"publish","type":"page","link":"https:\/\/degrada2025.web.ua.pt\/?page_id=114","title":{"rendered":"Local"},"content":{"rendered":"\n<p><a href=\"https:\/\/www.ua.pt\/pt\/sobre-nos\"><\/a>\u00a0O DEGRADA2025 ter\u00e1 lugar na Universidade de Aveiro.<\/p>\n\n\n\n<div class=\"wp-block-gmap-gmap-block gmap-block-db7tvaxi\"><iframe src=\"https:\/\/maps.google.com\/maps?q=Universidade+de+Aveiro&amp;z=11&amp;t=roadmap&amp;output=embed\" class=\"embd-map\" title=\"Universidade de Aveiro\"><\/iframe><\/div>\n\n\n\n<p><strong>Secretariado:<\/strong>&nbsp;Secretariado do DEGRADA2025, Departamento de Engenharia Civil<br>Campus Universit\u00e1rio de Santiago, 3810-193, Aveiro, Portugal<\/p>\n\n\n\n<h3 class=\"wp-block-heading\"><a href=\"https:\/\/www.ua.pt\/pt\/sobre-nos\">Universidade de Aveiro<\/a><\/h3>\n\n\n\n<p>A Universidade de Aveiro (UA) \u00e9 uma funda\u00e7\u00e3o p\u00fablica com regime de direito privado que tem como miss\u00e3o a interven\u00e7\u00e3o e desenvolvimento da forma\u00e7\u00e3o graduada e p\u00f3s-graduada, a investiga\u00e7\u00e3o e a coopera\u00e7\u00e3o com a sociedade.<\/p>\n\n\n\n<figure class=\"wp-block-image size-large\"><img loading=\"lazy\" decoding=\"async\" width=\"1024\" height=\"576\" src=\"https:\/\/degrada2025.web.ua.pt\/wp-content\/uploads\/2025\/01\/DJI_0007.mov.00_04_25_35.Still002-1024x576.jpg\" alt=\"\" class=\"wp-image-453\" srcset=\"https:\/\/degrada2025.web.ua.pt\/wp-content\/uploads\/2025\/01\/DJI_0007.mov.00_04_25_35.Still002-1024x576.jpg 1024w, https:\/\/degrada2025.web.ua.pt\/wp-content\/uploads\/2025\/01\/DJI_0007.mov.00_04_25_35.Still002-300x169.jpg 300w, https:\/\/degrada2025.web.ua.pt\/wp-content\/uploads\/2025\/01\/DJI_0007.mov.00_04_25_35.Still002-768x432.jpg 768w, https:\/\/degrada2025.web.ua.pt\/wp-content\/uploads\/2025\/01\/DJI_0007.mov.00_04_25_35.Still002-1536x864.jpg 1536w, https:\/\/degrada2025.web.ua.pt\/wp-content\/uploads\/2025\/01\/DJI_0007.mov.00_04_25_35.Still002.jpg 1920w\" sizes=\"auto, (max-width: 1024px) 100vw, 1024px\" \/><\/figure>\n\n\n\n<h3 class=\"wp-block-heading\">Como chegar \u00e0 UA<\/h3>\n\n\n\n<p>Situada na regi\u00e3o centro de Portugal, Aveiro \u00e9 uma cidade de f\u00e1cil acesso tanto pela via a\u00e9rea como pela via terrestre. Conhecida pela Ria e seus canais, a cidade de Aveiro \u00e9 servida de comboios r\u00e1pidos e localiza-se na conflu\u00eancia de v\u00e1rias autoestradas, permitindo assim que rapidamente se chegue aos principais aeroportos do pa\u00eds.<\/p>\n\n\n\n<h3 class=\"wp-block-heading\" id=\"chegar-por-via-aerea\">Chegar por via a\u00e9rea<\/h3>\n\n\n\n<h4 class=\"wp-block-heading\" id=\"do-aeroporto-dr-francisco-sa-carneiro-porto\">Do Aeroporto Dr. Francisco S\u00e1 Carneiro (Porto)<\/h4>\n\n\n\n<p>O aeroporto mais pr\u00f3ximo de Aveiro situa-se 80km a norte, na regi\u00e3o do Porto. Deste aeroporto at\u00e9 ao centro de Aveiro, o comboio \u00e9 o meio de transporte mais pr\u00e1tico para efetuar a viagem. O percurso entre o aeroporto e a esta\u00e7\u00e3o ferrovi\u00e1ria de Porto \u2013 Campanh\u00e3 pode ser feito:<\/p>\n\n\n\n<ul class=\"wp-block-list\">\n<li>de T\u00e1xi por aproximadamente 25\u20ac, e com a dura\u00e7\u00e3o de aproximadamente 25 minutos<\/li>\n\n\n\n<li>de\u00a0<a href=\"https:\/\/www.metrodoporto.pt\/\" target=\"_blank\" rel=\"noreferrer noopener\">Metro (t\u00edtulo Z4)<\/a>\u00a0por cerca de 2,60\u20ac, com a dura\u00e7\u00e3o de 40 minutos at\u00e9 chegar \u00e0 esta\u00e7\u00e3o Porto \u2013 Campanh\u00e3 (Linha E: Aeroporto \u2013 Est\u00e1dio do Drag\u00e3o)<\/li>\n<\/ul>\n\n\n\n<p>Chegando \u00e0 esta\u00e7\u00e3o de Porto \u2013 Campanh\u00e3, poder\u00e1 apanhar um&nbsp;<a href=\"https:\/\/www.cp.pt\/passageiros\/pt\" target=\"_blank\" rel=\"noreferrer noopener\">comboio para Aveiro.<\/a>&nbsp;Al\u00e9m dos comboios r\u00e1pidos que percorrem o trajeto em cerca de 35 minutos, existem liga\u00e7\u00f5es suburbanas entre o Porto e Aveiro durante todo o dia. A viagem dura 50 minutos e ronda os 3,55\u20ac.<\/p>\n\n\n\n<p>Em alternativa pode optar por alugar um autom\u00f3vel no aeroporto.<\/p>\n\n\n\n<h4 class=\"wp-block-heading\" id=\"do-aeroporto-da-portela-lisboa\">Do Aeroporto da Portela (Lisboa)<\/h4>\n\n\n\n<p>O Aeroporto da Portela situa-se em Lisboa a cerca de 250 km a sul de Aveiro. A viagem entre o aeroporto e a esta\u00e7\u00e3o ferrovi\u00e1ria de Lisboa-Oriente pode ser feita de&nbsp;<a href=\"https:\/\/www.metrolisboa.pt\/\" target=\"_blank\" rel=\"noreferrer noopener\">Metro (Linha Vermelha)<\/a>, tendo o bilhete o custo de sensivelmente 1,50\u20ac. Em alternativa existem os t\u00e1xis, op\u00e7\u00e3o que implicar\u00e1 um custo que ronda os 10\u20ac com uma dura\u00e7\u00e3o de cerca de 15 minutos. Poder\u00e1 ainda efetuar esse percurso de autocarro (linhas 5 e 44), por aproximadamente 1.80\u20ac, adquiririndo o bilhete dentro do ve\u00edculo.<\/p>\n\n\n\n<p>Dada a dist\u00e2ncia que separa Lisboa de Aveiro, \u00e9 aconselh\u00e1vel a utiliza\u00e7\u00e3o dos comboios r\u00e1pidos&nbsp;<a href=\"https:\/\/www.cp.pt\/passageiros\/pt\/como-viajar\/intercidades\" target=\"_blank\" rel=\"noreferrer noopener\">Intercidades ou Alfa.<\/a><\/p>\n\n\n\n<h3 class=\"wp-block-heading\" id=\"chegar-por-via-terrestre\">Chegar por via terrestre<\/h3>\n\n\n\n<h4 class=\"wp-block-heading\" id=\"de-carro\">De carro<\/h4>\n\n\n\n<p>Se vem de Norte pela autoestrada A1, o melhor \u00e9 sair para Aveiro pela A25. Na A25 existem duas sa\u00eddas para a cidade: Aveiro-Norte e, alguns quil\u00f3metros depois, Aveiro. A mais aconselh\u00e1vel \u00e9 esta \u00faltima. Vindo de Sul pela A1, deve sair em Aveiro-Sul\/\u00c1gueda (sa\u00edda 15) e seguir pela EN235 at\u00e9 ao Campus.<\/p>\n\n\n\n<p>40\u00ba 37&#8242; 53&#8221; N<\/p>\n\n\n\n<p>8\u00ba 39&#8242; 27&#8221; W<\/p>\n\n\n\n<h4 class=\"wp-block-heading\" id=\"de-comboio\">De comboio<\/h4>\n\n\n\n<p>Aveiro est\u00e1 situada na principal linha ferrovi\u00e1ria do pa\u00eds (Linha do Norte). Os hor\u00e1rios dos comboios est\u00e3o dispon\u00edveis no site da&nbsp;<a href=\"https:\/\/www.cp.pt\/passageiros\/pt\" target=\"_blank\" rel=\"noreferrer noopener\">CP &#8211; comboios de Portugal.<\/a><\/p>\n\n\n\n<p>Da Esta\u00e7\u00e3o de Comboios at\u00e9 ao Campus de Santiago, o percurso pode ser feito da seguinte forma:<\/p>\n\n\n\n<p>de BUGA, a Bicicleta de Utiliza\u00e7\u00e3o Gratuita de Aveiro<\/p>\n\n\n\n<p><a href=\"https:\/\/www.aveirobus.pt\/\" target=\"_blank\" rel=\"noreferrer noopener\">autocarro (linha 11)<\/a><\/p>\n\n\n\n<p>a p\u00e9 (demora cerca de 20 minutos a percorrer)<\/p>\n\n\n\n<p>t\u00e1xi (existe uma pra\u00e7a junto \u00e0 esta\u00e7\u00e3o)<\/p>\n\n\n\n<p><\/p>\n\n\n\n<p><\/p>\n","protected":false},"excerpt":{"rendered":"<p>\u00a0O DEGRADA2025 ter\u00e1 lugar na Universidade de Aveiro. Secretariado:&nbsp;Secretariado do DEGRADA2025, Departamento de Engenharia CivilCampus Universit\u00e1rio de Santiago, 3810-193, Aveiro, Portugal Universidade de Aveiro A Universidade de Aveiro (UA) \u00e9 uma funda\u00e7\u00e3o p\u00fablica com regime de direito privado que tem como miss\u00e3o a interven\u00e7\u00e3o e desenvolvimento da forma\u00e7\u00e3o graduada e p\u00f3s-graduada, a investiga\u00e7\u00e3o e a [&hellip;]<\/p>\n","protected":false},"author":3,"featured_media":0,"parent":0,"menu_order":0,"comment_status":"closed","ping_status":"closed","template":"","meta":{"footnotes":""},"class_list":["post-114","page","type-page","status-publish","hentry","post"],"_links":{"self":[{"href":"https:\/\/degrada2025.web.ua.pt\/index.php?rest_route=\/wp\/v2\/pages\/114","targetHints":{"allow":["GET"]}}],"collection":[{"href":"https:\/\/degrada2025.web.ua.pt\/index.php?rest_route=\/wp\/v2\/pages"}],"about":[{"href":"https:\/\/degrada2025.web.ua.pt\/index.php?rest_route=\/wp\/v2\/types\/page"}],"author":[{"embeddable":true,"href":"https:\/\/degrada2025.web.ua.pt\/index.php?rest_route=\/wp\/v2\/users\/3"}],"replies":[{"embeddable":true,"href":"https:\/\/degrada2025.web.ua.pt\/index.php?rest_route=%2Fwp%2Fv2%2Fcomments&post=114"}],"version-history":[{"count":7,"href":"https:\/\/degrada2025.web.ua.pt\/index.php?rest_route=\/wp\/v2\/pages\/114\/revisions"}],"predecessor-version":[{"id":1058,"href":"https:\/\/degrada2025.web.ua.pt\/index.php?rest_route=\/wp\/v2\/pages\/114\/revisions\/1058"}],"wp:attachment":[{"href":"https:\/\/degrada2025.web.ua.pt\/index.php?rest_route=%2Fwp%2Fv2%2Fmedia&parent=114"}],"curies":[{"name":"wp","href":"https:\/\/api.w.org\/{rel}","templated":true}]}}