{"id":102,"date":"2024-12-18T00:41:35","date_gmt":"2024-12-18T00:41:35","guid":{"rendered":"http:\/\/degrada2025.web.ua.pt\/?page_id=102"},"modified":"2025-06-25T06:52:21","modified_gmt":"2025-06-25T06:52:21","slug":"datas-importantes","status":"publish","type":"page","link":"https:\/\/degrada2025.web.ua.pt\/?page_id=102","title":{"rendered":"Submiss\u00e3o de Trabalhos"},"content":{"rendered":"\n<p>Todos os trabalhos devem ser originais, de autoria pr\u00f3pria, n\u00e3o publicados anteriormente e n\u00e3o submetidos simultaneamente a outro evento.<\/p>\n\n\n\n<p>O trabalho completo deve ter entre 8 e 10 p\u00e1ginas incluindo a primeira p\u00e1gina e as p\u00e1ginas de refer\u00eancias bibliogr\u00e1ficas e, deve ser seguido o&nbsp;<a href=\"http:\/\/degrada2025.web.ua.pt\/wp-content\/uploads\/2025\/01\/Template_Degrada-2025.docx\" data-type=\"link\" data-id=\"http:\/\/degrada2025.web.ua.pt\/wp-content\/uploads\/2025\/01\/Template_Degrada-2025.docx\"><em>Template<\/em>&nbsp;(modelo)<\/a> do artigo completo. <\/p>\n\n\n\n<p> A submiss\u00e3o dos trabalhos resumos e dos artifos dever\u00e1 ser feito na plataforma de submiss\u00e3o de resumos:<\/p>\n\n\n\n<div class=\"wp-block-buttons is-content-justification-center is-layout-flex wp-container-core-buttons-is-layout-1 wp-block-buttons-is-layout-flex\">\n<div class=\"wp-block-button\"><a class=\"wp-block-button__link wp-element-button\" href=\"https:\/\/unave.sci-meet.org\/register\/DEGRADA2025\">Submiss\u00e3o de Artigos<\/a><\/div>\n<\/div>\n\n\n\n<figure class=\"wp-block-table is-style-stripes\"><table class=\"has-fixed-layout\"><tbody><tr><td><strong>Etapa<\/strong><\/td><td><strong>Data Limite<\/strong><\/td><\/tr><tr><td>Submiss\u00e3o de resumos<\/td><td>At\u00e9 <s>21\/03\/2025<\/s> <strong><mark style=\"background-color:rgba(0, 0, 0, 0)\" class=\"has-inline-color has-luminous-vivid-amber-color\">11\/04\/2025<\/mark><\/strong><\/td><\/tr><tr><td>Notifica\u00e7\u00e3o de aceita\u00e7\u00e3o dos resumos<\/td><td>At\u00e9 <s>16\/04\/2025<\/s> 30\/04\/2025<\/td><\/tr><tr><td>Submiss\u00e3o de Artigos<\/td><td><s>At\u00e9 16\/06\/2025<\/s>  <strong><mark style=\"background-color:rgba(0, 0, 0, 0)\" class=\"has-inline-color has-vivid-red-color\">04\/07\/2025<\/mark><\/strong><\/td><\/tr><tr><td>Notifica\u00e7\u00e3o de aceita\u00e7\u00e3o dos Artigos<\/td><td>At\u00e9 23\/07\/2025<\/td><\/tr><tr><td>Submiss\u00e3o de Artigos Finais<\/td><td>At\u00e9 08\/08\/2025<\/td><\/tr><\/tbody><\/table><\/figure>\n\n\n\n<p class=\"has-medium-font-size\"><em>Template<\/em>\u00a06\u00ba Degrada (2025): <a href=\"http:\/\/degrada2025.web.ua.pt\/wp-content\/uploads\/2025\/01\/Template_Degrada-2025.docx\" data-type=\"link\" data-id=\"http:\/\/degrada2025.web.ua.pt\/wp-content\/uploads\/2025\/01\/Template_Degrada-2025.docx\">template.docx<\/a><\/p>\n\n\n\n<p><\/p>\n\n\n\n<p class=\"has-medium-font-size\"><em><strong>* Os melhores artigos ser\u00e3o indicados \u00e0 publica\u00e7\u00e3o no:<\/strong><\/em><\/p>\n\n\n\n<p class=\"has-medium-font-size\"><em><strong> <a href=\"https:\/\/link.springer.com\/journal\/41024\" target=\"_blank\" rel=\"noreferrer noopener\">Journal of Building Pathology and Rehabilitation<\/a> (Springer \u2013 ISSN 2365-3167)<\/strong><\/em><\/p>\n\n\n\n<p class=\"has-medium-font-size\"><strong>Special MDP Topic: &#8220;<a href=\"https:\/\/www.mdpi.com\/topics\/8I644150SU\" target=\"_blank\" rel=\"noreferrer noopener\">Degradation, Repair and Rehabilitation of Reinforced Concrete Structures<\/a>&#8220;<\/strong><\/p>\n\n\n\n<p class=\"has-medium-font-size\"><a href=\"https:\/\/rpee.lnec.pt\" target=\"_blank\" rel=\"noreferrer noopener\">Revista Portuguesa de Engenharia de Estruturas <\/a> (<strong>ISSN:<\/strong><strong> \u00a02183-8488\u00a0\u00a0\u00a0 DOI<\/strong>: <strong>\u00a0<a href=\"https:\/\/doi.org\/10.34638\/rpee-sIII-n27\" target=\"_blank\" rel=\"noreferrer noopener\">10.34638\/rpee-sIII-n27<\/a><\/strong>)<\/p>\n\n\n\n<p class=\"has-medium-font-size\"><\/p>\n\n\n\n<p><\/p>\n","protected":false},"excerpt":{"rendered":"<p>Todos os trabalhos devem ser originais, de autoria pr\u00f3pria, n\u00e3o publicados anteriormente e n\u00e3o submetidos simultaneamente a outro evento. O trabalho completo deve ter entre 8 e 10 p\u00e1ginas incluindo a primeira p\u00e1gina e as p\u00e1ginas de refer\u00eancias bibliogr\u00e1ficas e, deve ser seguido o&nbsp;Template&nbsp;(modelo) do artigo completo. A submiss\u00e3o dos trabalhos resumos e dos artifos [&hellip;]<\/p>\n","protected":false},"author":3,"featured_media":0,"parent":0,"menu_order":0,"comment_status":"closed","ping_status":"closed","template":"","meta":{"footnotes":""},"class_list":["post-102","page","type-page","status-publish","hentry","post"],"_links":{"self":[{"href":"https:\/\/degrada2025.web.ua.pt\/index.php?rest_route=\/wp\/v2\/pages\/102","targetHints":{"allow":["GET"]}}],"collection":[{"href":"https:\/\/degrada2025.web.ua.pt\/index.php?rest_route=\/wp\/v2\/pages"}],"about":[{"href":"https:\/\/degrada2025.web.ua.pt\/index.php?rest_route=\/wp\/v2\/types\/page"}],"author":[{"embeddable":true,"href":"https:\/\/degrada2025.web.ua.pt\/index.php?rest_route=\/wp\/v2\/users\/3"}],"replies":[{"embeddable":true,"href":"https:\/\/degrada2025.web.ua.pt\/index.php?rest_route=%2Fwp%2Fv2%2Fcomments&post=102"}],"version-history":[{"count":13,"href":"https:\/\/degrada2025.web.ua.pt\/index.php?rest_route=\/wp\/v2\/pages\/102\/revisions"}],"predecessor-version":[{"id":1039,"href":"https:\/\/degrada2025.web.ua.pt\/index.php?rest_route=\/wp\/v2\/pages\/102\/revisions\/1039"}],"wp:attachment":[{"href":"https:\/\/degrada2025.web.ua.pt\/index.php?rest_route=%2Fwp%2Fv2%2Fmedia&parent=102"}],"curies":[{"name":"wp","href":"https:\/\/api.w.org\/{rel}","templated":true}]}}